{"id":571,"date":"2020-04-22T20:42:57","date_gmt":"2020-04-22T18:42:57","guid":{"rendered":"http:\/\/rainer-arnold.de\/?page_id=571"},"modified":"2020-04-24T12:01:10","modified_gmt":"2020-04-24T10:01:10","slug":"kochbuechla","status":"publish","type":"page","link":"http:\/\/rainer-arnold.de\/index.php\/kochbuechla\/","title":{"rendered":"Kochb\u00fcchla"},"content":{"rendered":"\t\t<div data-elementor-type=\"wp-page\" data-elementor-id=\"571\" class=\"elementor elementor-571\">\n\t\t\t\t\t\t<div class=\"elementor-inner\">\n\t\t\t\t<div class=\"elementor-section-wrap\">\n\t\t\t\t\t\t\t\t\t<section class=\"elementor-section elementor-top-section elementor-element elementor-element-570b30d elementor-section-full_width elementor-section-height-default elementor-section-height-default\" data-id=\"570b30d\" data-element_type=\"section\">\n\t\t\t\t\t\t<div class=\"elementor-container elementor-column-gap-default\">\n\t\t\t\t\t\t\t<div class=\"elementor-row\">\n\t\t\t\t\t<div class=\"elementor-column elementor-col-50 elementor-top-column elementor-element elementor-element-ab319a5\" data-id=\"ab319a5\" data-element_type=\"column\">\n\t\t\t<div class=\"elementor-column-wrap elementor-element-populated\">\n\t\t\t\t\t\t\t<div class=\"elementor-widget-wrap\">\n\t\t\t\t\t\t<div class=\"elementor-element elementor-element-f8bdd8b elementor-widget elementor-widget-text-editor\" data-id=\"f8bdd8b\" data-element_type=\"widget\" data-widget_type=\"text-editor.default\">\n\t\t\t\t<div class=\"elementor-widget-container\">\n\t\t\t\t\t\t\t\t<div class=\"elementor-text-editor elementor-clearfix\">\n\t\t\t\t<h1>Meine 3 Kochb\u00fcchla<\/h1><h3>beliebte give-aways im Wahlkampf und bis heute gefragt<\/h3><p>Essen ist nicht nur Nahrungsaufnahme. Essen und kochen sind, zumindest f\u00fcr mich Entspannung und Genuss, Geselligkeit und ein St\u00fcck Lebensfreude. Ebenso sagt unsere K\u00fcche auch viel \u00fcber die Region in der wir leben. Nicht nur die nationale K\u00fcche kennt ihre Eigenarten und Spezialit\u00e4ten sondern auch die regionale. Sie pr\u00e4gt unsere Vorlieben und Geschm\u00e4cker. Wobei der Frage des guten Geschmacks beim Essen international in den letzten Jahren wieder zum Gl\u00fcck mehr Aufmerksamkeit zuteil geworden ist.<\/p><p>Die Slow Food Bewegung hat hier erfolgreich ein neues Bewusstsein geschaffen und mit der F\u00f6rderung traditioneller Produkte und der Bewahrung der regionalen Geschmacksvielfalt einen neuen sehr positiven Trend gesetzt. Ich hoffe, Sie entdecken Neues oder Altbekanntes beim Bl\u00e4ttern in den drei Rezeptsammlungen.<\/p><p>Ich danke allen Freunden und Gastronomen, die mir Rezepte zur Verf\u00fcgung gestellt haben.<\/p><p>Viel Spa\u00df beim Nachkochen und guten Appetit.<\/p>\t\t\t\t\t<\/div>\n\t\t\t\t\t\t<\/div>\n\t\t\t\t<\/div>\n\t\t\t\t\t\t<\/div>\n\t\t\t\t\t<\/div>\n\t\t<\/div>\n\t\t\t\t<div class=\"elementor-column elementor-col-50 elementor-top-column elementor-element elementor-element-232cabc\" data-id=\"232cabc\" data-element_type=\"column\">\n\t\t\t<div class=\"elementor-column-wrap elementor-element-populated\">\n\t\t\t\t\t\t\t<div class=\"elementor-widget-wrap\">\n\t\t\t\t\t\t<div class=\"elementor-element elementor-element-9207d42 elementor-widget elementor-widget-image\" data-id=\"9207d42\" data-element_type=\"widget\" data-widget_type=\"image.default\">\n\t\t\t\t<div class=\"elementor-widget-container\">\n\t\t\t\t\t\t\t\t<div class=\"elementor-image\">\n\t\t\t\t\t\t\t\t\t\t\t\t<img decoding=\"async\" width=\"536\" height=\"596\" src=\"http:\/\/rainer-arnold.de\/wp-content\/uploads\/2020\/04\/Rainer-in-K\u00fcche-e1587579010350.jpg\" class=\"attachment-full size-full wp-image-569\" alt=\"Rainer Arnold Kochbuch\" loading=\"lazy\" srcset=\"http:\/\/rainer-arnold.de\/wp-content\/uploads\/2020\/04\/Rainer-in-K\u00fcche-e1587579010350.jpg 536w, http:\/\/rainer-arnold.de\/wp-content\/uploads\/2020\/04\/Rainer-in-K\u00fcche-e1587579010350-270x300.jpg 270w\" sizes=\"(max-width: 536px) 100vw, 536px\" \/>\t\t\t\t\t\t\t\t\t\t\t\t\t\t<\/div>\n\t\t\t\t\t\t<\/div>\n\t\t\t\t<\/div>\n\t\t\t\t\t\t<\/div>\n\t\t\t\t\t<\/div>\n\t\t<\/div>\n\t\t\t\t\t\t\t\t<\/div>\n\t\t\t\t\t<\/div>\n\t\t<\/section>\n\t\t\t\t<section class=\"elementor-section elementor-top-section elementor-element elementor-element-55817b0 elementor-section-full_width elementor-section-height-default elementor-section-height-default\" data-id=\"55817b0\" data-element_type=\"section\">\n\t\t\t\t\t\t<div class=\"elementor-container elementor-column-gap-default\">\n\t\t\t\t\t\t\t<div class=\"elementor-row\">\n\t\t\t\t\t<div class=\"elementor-column elementor-col-25 elementor-top-column elementor-element elementor-element-2cca80f\" data-id=\"2cca80f\" data-element_type=\"column\">\n\t\t\t<div class=\"elementor-column-wrap elementor-element-populated\">\n\t\t\t\t\t\t\t<div class=\"elementor-widget-wrap\">\n\t\t\t\t\t\t<div class=\"elementor-element elementor-element-638f6d6 elementor-widget elementor-widget-text-editor\" data-id=\"638f6d6\" data-element_type=\"widget\" data-widget_type=\"text-editor.default\">\n\t\t\t\t<div class=\"elementor-widget-container\">\n\t\t\t\t\t\t\t\t<div class=\"elementor-text-editor elementor-clearfix\">\n\t\t\t\t<h2>Kraut und \u00c4pfel<\/h2><p>Ganz bewusst habe ich Gerichte mit Zutaten, f\u00fcr die unsere Heimat bekannt ist, gew\u00e4hlt: etwa Kraut von den Fildern oder Obst von unseren Streuobstwiesen.<\/p><p>Unsere Region steht f\u00fcr gute Qualit\u00e4t, viele Direktvermarkter bieten frische Lebensmittel ab Hof an. Was liegt da n\u00e4her, als\u00a0 einmal die heimische K\u00fcche mit Produkten, die vor unserer Haust\u00fcr wachsen, auszuprobieren? Die Rezepte von Oma d\u00fcrfen wir dabei nicht vergessen und wo es noch besser schmeckt zeitgem\u00e4\u00df modernisieren.<\/p>\t\t\t\t\t<\/div>\n\t\t\t\t\t\t<\/div>\n\t\t\t\t<\/div>\n\t\t\t\t<div class=\"elementor-element elementor-element-829cd6e elementor-align-center elementor-widget elementor-widget-button\" data-id=\"829cd6e\" data-element_type=\"widget\" data-widget_type=\"button.default\">\n\t\t\t\t<div class=\"elementor-widget-container\">\n\t\t\t\t\t<div class=\"elementor-button-wrapper\">\n\t\t\t<a href=\"http:\/\/bohnert.rainer-arnold.de\/tl_files\/pdf\/kochbuchkomplett.pdf\" class=\"elementor-button-link elementor-button elementor-size-sm\" role=\"button\">\n\t\t\t\t\t\t<span class=\"elementor-button-content-wrapper\">\n\t\t\t\t\t\t<span class=\"elementor-button-text\">Hier get es zu den Rezepten<\/span>\n\t\t<\/span>\n\t\t\t\t\t<\/a>\n\t\t<\/div>\n\t\t\t\t<\/div>\n\t\t\t\t<\/div>\n\t\t\t\t\t\t<\/div>\n\t\t\t\t\t<\/div>\n\t\t<\/div>\n\t\t\t\t<div class=\"elementor-column elementor-col-25 elementor-top-column elementor-element elementor-element-344f4ab\" data-id=\"344f4ab\" data-element_type=\"column\">\n\t\t\t<div class=\"elementor-column-wrap elementor-element-populated\">\n\t\t\t\t\t\t\t<div class=\"elementor-widget-wrap\">\n\t\t\t\t\t\t<div class=\"elementor-element elementor-element-e9118ec elementor-widget elementor-widget-image\" data-id=\"e9118ec\" data-element_type=\"widget\" data-widget_type=\"image.default\">\n\t\t\t\t<div class=\"elementor-widget-container\">\n\t\t\t\t\t\t\t\t<div class=\"elementor-image\">\n\t\t\t\t\t\t\t\t\t\t\t\t<img decoding=\"async\" width=\"681\" height=\"1024\" src=\"http:\/\/rainer-arnold.de\/wp-content\/uploads\/2020\/04\/DSC_0075-681x1024.jpg\" class=\"attachment-large size-large wp-image-570\" alt=\"Rainer Arnold Markt\" loading=\"lazy\" srcset=\"http:\/\/rainer-arnold.de\/wp-content\/uploads\/2020\/04\/DSC_0075-681x1024.jpg 681w, http:\/\/rainer-arnold.de\/wp-content\/uploads\/2020\/04\/DSC_0075-199x300.jpg 199w, http:\/\/rainer-arnold.de\/wp-content\/uploads\/2020\/04\/DSC_0075-768x1155.jpg 768w, http:\/\/rainer-arnold.de\/wp-content\/uploads\/2020\/04\/DSC_0075-1021x1536.jpg 1021w, http:\/\/rainer-arnold.de\/wp-content\/uploads\/2020\/04\/DSC_0075-1362x2048.jpg 1362w, http:\/\/rainer-arnold.de\/wp-content\/uploads\/2020\/04\/DSC_0075-scaled-e1642852075586.jpg 400w\" sizes=\"(max-width: 681px) 100vw, 681px\" \/>\t\t\t\t\t\t\t\t\t\t\t\t\t\t<\/div>\n\t\t\t\t\t\t<\/div>\n\t\t\t\t<\/div>\n\t\t\t\t\t\t<\/div>\n\t\t\t\t\t<\/div>\n\t\t<\/div>\n\t\t\t\t<div class=\"elementor-column elementor-col-25 elementor-top-column elementor-element elementor-element-8cbe2cf\" data-id=\"8cbe2cf\" data-element_type=\"column\">\n\t\t\t<div class=\"elementor-column-wrap elementor-element-populated\">\n\t\t\t\t\t\t\t<div class=\"elementor-widget-wrap\">\n\t\t\t\t\t\t<div class=\"elementor-element elementor-element-947458b elementor-widget elementor-widget-text-editor\" data-id=\"947458b\" data-element_type=\"widget\" data-widget_type=\"text-editor.default\">\n\t\t\t\t<div class=\"elementor-widget-container\">\n\t\t\t\t\t\t\t\t<div class=\"elementor-text-editor elementor-clearfix\">\n\t\t\t\t<h2>Schw\u00e4bisch genie\u00dfen<\/h2><p>Die Alblinsen waren lange Zeit unauffindbar. Alle Anfragen bei Saatguth\u00e4ndlern waren vergeblich. Aus der gro\u00dfen deutschen Genbank in Gatersleben kam ebenfalls eine Absage.<\/p><p>2006 wurden die verschollenen Alblinsen dann doch noch wiederentdeckt. Das Wawilow-Institut in St. Petersburg, das bereits seit 1925 f\u00fcr die Genvielfalt der Nutzpflanzen k\u00e4mpft, hat die zwei Sorten aufbewahrt. 2007 wurden sie in Deutschland erstmals wieder durch die Hochschule N\u00fcrtingen (HfWU) vermehrt.<\/p>\t\t\t\t\t<\/div>\n\t\t\t\t\t\t<\/div>\n\t\t\t\t<\/div>\n\t\t\t\t<div class=\"elementor-element elementor-element-497f278 elementor-align-center elementor-widget elementor-widget-button\" data-id=\"497f278\" data-element_type=\"widget\" data-widget_type=\"button.default\">\n\t\t\t\t<div class=\"elementor-widget-container\">\n\t\t\t\t\t<div class=\"elementor-button-wrapper\">\n\t\t\t<a href=\"http:\/\/bohnert.rainer-arnold.de\/tl_files\/pdf\/Rezepte.pdf\" class=\"elementor-button-link elementor-button elementor-size-sm\" role=\"button\">\n\t\t\t\t\t\t<span class=\"elementor-button-content-wrapper\">\n\t\t\t\t\t\t<span class=\"elementor-button-text\">Hier geht es zu den Rezepten<\/span>\n\t\t<\/span>\n\t\t\t\t\t<\/a>\n\t\t<\/div>\n\t\t\t\t<\/div>\n\t\t\t\t<\/div>\n\t\t\t\t\t\t<\/div>\n\t\t\t\t\t<\/div>\n\t\t<\/div>\n\t\t\t\t<div class=\"elementor-column elementor-col-25 elementor-top-column elementor-element elementor-element-f2f8b41\" data-id=\"f2f8b41\" data-element_type=\"column\">\n\t\t\t<div class=\"elementor-column-wrap elementor-element-populated\">\n\t\t\t\t\t\t\t<div class=\"elementor-widget-wrap\">\n\t\t\t\t\t\t<div class=\"elementor-element elementor-element-ad07b3f elementor-widget elementor-widget-text-editor\" data-id=\"ad07b3f\" data-element_type=\"widget\" data-widget_type=\"text-editor.default\">\n\t\t\t\t<div class=\"elementor-widget-container\">\n\t\t\t\t\t\t\t\t<div class=\"elementor-text-editor elementor-clearfix\">\n\t\t\t\t<h2>International genie\u00dfen<\/h2><p>Was wir kochen, ist eben immer auch stark durch unser kulturelles Umfeld bestimmt.\u00a0 Unser Land ist in den letzten Jahrzehnten immer internationaler und bunter geworden. Und davon hat einiges die traditionelle deutsche K\u00fcche erreicht und erg\u00e4nzt. Die internationale K\u00fcche hat uns um viele neue Gerichte, Zubereitungsarten und Gew\u00fcrze bereichert. Typisch schw\u00e4bische Gerichte lassen sich wunderbar mit anderen Einfl\u00fcssen verbinden und durch kreative Variationen entstehen ganz neue Gerichte.<\/p>\t\t\t\t\t<\/div>\n\t\t\t\t\t\t<\/div>\n\t\t\t\t<\/div>\n\t\t\t\t<div class=\"elementor-element elementor-element-a156ca8 elementor-align-center elementor-widget elementor-widget-button\" data-id=\"a156ca8\" data-element_type=\"widget\" data-widget_type=\"button.default\">\n\t\t\t\t<div class=\"elementor-widget-container\">\n\t\t\t\t\t<div class=\"elementor-button-wrapper\">\n\t\t\t<a href=\"http:\/\/bohnert.rainer-arnold.de\/tl_files\/pdf\/Persoenliches\/Kochbuch_2013.pdf\" class=\"elementor-button-link elementor-button elementor-size-sm\" role=\"button\">\n\t\t\t\t\t\t<span class=\"elementor-button-content-wrapper\">\n\t\t\t\t\t\t<span class=\"elementor-button-text\">Hier geht es zu den Rezepten<\/span>\n\t\t<\/span>\n\t\t\t\t\t<\/a>\n\t\t<\/div>\n\t\t\t\t<\/div>\n\t\t\t\t<\/div>\n\t\t\t\t\t\t<\/div>\n\t\t\t\t\t<\/div>\n\t\t<\/div>\n\t\t\t\t\t\t\t\t<\/div>\n\t\t\t\t\t<\/div>\n\t\t<\/section>\n\t\t\t\t\t\t\t\t\t<\/div>\n\t\t\t<\/div>\n\t\t\t\t\t<\/div>\n\t\t","protected":false},"excerpt":{"rendered":"<p>Meine 3 Kochb\u00fcchla beliebte give-aways im Wahlkampf und bis heute gefragt Essen ist nicht nur Nahrungsaufnahme. Essen und kochen sind, zumindest f\u00fcr mich Entspannung und Genuss, Geselligkeit und ein St\u00fcck Lebensfreude. Ebenso sagt unsere K\u00fcche auch viel \u00fcber die Region in der wir leben. Nicht nur die nationale K\u00fcche kennt ihre Eigenarten und Spezialit\u00e4ten sondern [&hellip;]<\/p>\n","protected":false},"author":1,"featured_media":0,"parent":0,"menu_order":0,"comment_status":"closed","ping_status":"closed","template":"elementor_header_footer","meta":[],"_links":{"self":[{"href":"http:\/\/rainer-arnold.de\/index.php\/wp-json\/wp\/v2\/pages\/571"}],"collection":[{"href":"http:\/\/rainer-arnold.de\/index.php\/wp-json\/wp\/v2\/pages"}],"about":[{"href":"http:\/\/rainer-arnold.de\/index.php\/wp-json\/wp\/v2\/types\/page"}],"author":[{"embeddable":true,"href":"http:\/\/rainer-arnold.de\/index.php\/wp-json\/wp\/v2\/users\/1"}],"replies":[{"embeddable":true,"href":"http:\/\/rainer-arnold.de\/index.php\/wp-json\/wp\/v2\/comments?post=571"}],"version-history":[{"count":19,"href":"http:\/\/rainer-arnold.de\/index.php\/wp-json\/wp\/v2\/pages\/571\/revisions"}],"predecessor-version":[{"id":603,"href":"http:\/\/rainer-arnold.de\/index.php\/wp-json\/wp\/v2\/pages\/571\/revisions\/603"}],"wp:attachment":[{"href":"http:\/\/rainer-arnold.de\/index.php\/wp-json\/wp\/v2\/media?parent=571"}],"curies":[{"name":"wp","href":"https:\/\/api.w.org\/{rel}","templated":true}]}}