{"id":134,"date":"2020-04-19T11:22:09","date_gmt":"2020-04-19T09:22:09","guid":{"rendered":"http:\/\/rainer-arnold.de\/?page_id=134"},"modified":"2025-10-07T11:37:45","modified_gmt":"2025-10-07T09:37:45","slug":"arbeiterlieder","status":"publish","type":"page","link":"https:\/\/rainer-arnold.de\/index.php\/beispiel-seite\/arbeiterlieder\/","title":{"rendered":"Arbeiterlieder"},"content":{"rendered":"\t\t<div data-elementor-type=\"wp-page\" data-elementor-id=\"134\" class=\"elementor elementor-134\">\n\t\t\t\t\t\t<div class=\"elementor-inner\">\n\t\t\t\t<div class=\"elementor-section-wrap\">\n\t\t\t\t\t\t\t\t\t<section class=\"elementor-section elementor-top-section elementor-element elementor-element-82f0699 elementor-section-full_width elementor-section-height-min-height elementor-section-items-top elementor-section-content-top elementor-section-height-default elementor-invisible\" data-id=\"82f0699\" data-element_type=\"section\" data-settings=\"{&quot;animation&quot;:&quot;fadeIn&quot;}\">\n\t\t\t\t\t\t<div class=\"elementor-container elementor-column-gap-extended\">\n\t\t\t\t\t\t\t<div class=\"elementor-row\">\n\t\t\t\t\t<div class=\"elementor-column elementor-col-33 elementor-top-column elementor-element elementor-element-8357e0c\" data-id=\"8357e0c\" data-element_type=\"column\">\n\t\t\t<div class=\"elementor-column-wrap elementor-element-populated\">\n\t\t\t\t\t\t\t<div class=\"elementor-widget-wrap\">\n\t\t\t\t\t\t<section class=\"elementor-section elementor-inner-section elementor-element elementor-element-6bb674e elementor-section-boxed elementor-section-height-default elementor-section-height-default\" data-id=\"6bb674e\" data-element_type=\"section\" data-settings=\"{&quot;background_background&quot;:&quot;classic&quot;}\">\n\t\t\t\t\t\t<div class=\"elementor-container elementor-column-gap-default\">\n\t\t\t\t\t\t\t<div class=\"elementor-row\">\n\t\t\t\t\t<div class=\"elementor-column elementor-col-100 elementor-inner-column elementor-element elementor-element-7a0dc19\" data-id=\"7a0dc19\" data-element_type=\"column\">\n\t\t\t<div class=\"elementor-column-wrap elementor-element-populated\">\n\t\t\t\t\t\t\t<div class=\"elementor-widget-wrap\">\n\t\t\t\t\t\t<div class=\"elementor-element elementor-element-26b497b elementor-widget elementor-widget-text-editor\" data-id=\"26b497b\" data-element_type=\"widget\" data-widget_type=\"text-editor.default\">\n\t\t\t\t<div class=\"elementor-widget-container\">\n\t\t\t\t\t\t\t\t<div class=\"elementor-text-editor elementor-clearfix\">\n\t\t\t\t<h1>Veranstaltungen<\/h1><h3>mit Liedern von Freiheit, Gerechtigkeit und Frieden:<\/h3><ul><li><strong>Die Geschichte der Arbeiter- und Freiheitslieder\u00a0<\/strong> &#8211; Vortrag von Rainer Arnold mit gemeinsamem singen.<br \/><br \/><\/li><li><b>Lieder mit Lilli Egin und Rainer Arnold &#8211; <\/b>musikalische Umrahmung bei Feiern und Jubil\u00e4en aller der Arbeitnehmerschaft verbundenen Organisationen.<br \/><br \/><strong>Arbeiterlieder und unplugged Musik mit <a href=\"http:\/\/www.acoustic-tree.de\">acoustic TREE<\/a><\/strong> &#8211; Umrahmung von gr\u00f6\u00dferen Feiern und Festakten mit anschlie\u00dfender Unterhaltungsmusik im unplugged Stil.<\/li><\/ul>\t\t\t\t\t<\/div>\n\t\t\t\t\t\t<\/div>\n\t\t\t\t<\/div>\n\t\t\t\t\t\t<\/div>\n\t\t\t\t\t<\/div>\n\t\t<\/div>\n\t\t\t\t\t\t\t\t<\/div>\n\t\t\t\t\t<\/div>\n\t\t<\/section>\n\t\t\t\t\t\t<\/div>\n\t\t\t\t\t<\/div>\n\t\t<\/div>\n\t\t\t\t<div class=\"elementor-column elementor-col-33 elementor-top-column elementor-element elementor-element-d0234d8\" data-id=\"d0234d8\" data-element_type=\"column\">\n\t\t\t<div class=\"elementor-column-wrap elementor-element-populated\">\n\t\t\t\t\t\t\t<div class=\"elementor-widget-wrap\">\n\t\t\t\t\t\t<div class=\"elementor-element elementor-element-7082f17 elementor-widget elementor-widget-text-editor\" data-id=\"7082f17\" data-element_type=\"widget\" data-widget_type=\"text-editor.default\">\n\t\t\t\t<div class=\"elementor-widget-container\">\n\t\t\t\t\t\t\t\t<div class=\"elementor-text-editor elementor-clearfix\">\n\t\t\t\t<h4><strong>Arbeiter- und Freiheitslieder &#8211; ein Teil sozialdemokratischer Geschichte<\/strong><\/h4><p>Die SPD ist die traditionsreichste Partei Deutschlands. Sie blickt zur\u00fcck auf wechselnde, oft schwierige Zeiten, in denen es doch stets eine Konstante gab: Immer blieb sozialdemokratische Politik an ihren Grundwerten Freiheit, Gerechtigkeit und Solidarit\u00e4t orientiert. Diese Grundwerte fanden ihren Widerhall auch in den Liedern, die Sozialdemokraten \u00fcber eineinhalb Jahrhunderte begleitet haben, die sie immer wieder gesungen haben, sei es, um die unterdr\u00fcckte Wahrheit in Versen festzuhalten, sei es, um sich gegenseitig Mut zu machen.<\/p><p>Dazu z\u00e4hlen nat\u00fcrlich Lieder, die in der Arbeiterbewegung entstanden sind. Aber auch Lieder aus den Freiheitsbewegungen des 19. Jahrhunderts geh\u00f6ren dazu, ebenso wie die Protestlieder gegen Krieg und Gewaltherrschaft des sp\u00e4teren 20. Jahrhunderts. Diese Lieder handeln von Arbeit, von Utopien, von Freiheit und Gerechtigkeit, von den Bewegungen und K\u00e4mpfen, die schlie\u00dflich Ver\u00e4nderungen brachten und oft auch von schlimmen Zeiten. Sie sind Teil unserer Geschichte, in der es Verbote gab und Verfolgung, Irrt\u00fcmer und Spaltungen. Aber was sich durch all diese Lieder zieht, ist das Bewusstsein, Teil einer Folge von Generationen zu sein, Verantwortung zu tragen, f\u00fcr das von den Alten Erk\u00e4mpfte und f\u00fcr das, was morgen sein wird.<\/p><p>Das gilt nach wie vor, trotzdem &#8211; oder gerade weil &#8211; wir heute auf \u00fcber 70 Jahre Frieden und Demokratie zur\u00fcckschauen k\u00f6nnen. Deshalb sind unsere politischen Lieder auch keine Folklore, sondern Teil unserer \u00dcberzeugung, unseres Bewusstseins. Und sie sind vor allem gemacht zum Mit-singen, zu dem wir Euch ganz herzlich einladen. Rainer Arnold wird auf der Gitarre begleiten und aber auch einiges zu den Hintergr\u00fcnden und Entstehungsgeschichten verschiedener Lieder berichten.<\/p>\t\t\t\t\t<\/div>\n\t\t\t\t\t\t<\/div>\n\t\t\t\t<\/div>\n\t\t\t\t\t\t<\/div>\n\t\t\t\t\t<\/div>\n\t\t<\/div>\n\t\t\t\t<div class=\"elementor-column elementor-col-33 elementor-top-column elementor-element elementor-element-97eec61\" data-id=\"97eec61\" data-element_type=\"column\">\n\t\t\t<div class=\"elementor-column-wrap elementor-element-populated\">\n\t\t\t\t\t\t\t<div class=\"elementor-widget-wrap\">\n\t\t\t\t\t\t<div class=\"elementor-element elementor-element-f799696 elementor-widget elementor-widget-text-editor\" data-id=\"f799696\" data-element_type=\"widget\" data-widget_type=\"text-editor.default\">\n\t\t\t\t<div class=\"elementor-widget-container\">\n\t\t\t\t\t\t\t\t<div class=\"elementor-text-editor elementor-clearfix\">\n\t\t\t\t<h3><strong>Bella Ciao<br \/>Brot und Rosen<br \/><\/strong><\/h3><h5><strong>mit Lilli Egin und Rainer Arnold<\/strong><\/h5><p>Aufgezeichnet zu den Bedingungen der Corona-Krise im &#8222;Home-Office&#8220; zum 1. Mai 2020<br \/>und zum Internationalen Frauentag 8. M\u00e4rz 2021<\/p>\t\t\t\t\t<\/div>\n\t\t\t\t\t\t<\/div>\n\t\t\t\t<\/div>\n\t\t\t\t<div class=\"elementor-element elementor-element-2290285 elementor-aspect-ratio-169 elementor-widget elementor-widget-video\" data-id=\"2290285\" data-element_type=\"widget\" data-settings=\"{&quot;youtube_url&quot;:&quot;https:\\\/\\\/www.youtube.com\\\/watch?v=f5J9AmrpzkI&quot;,&quot;video_type&quot;:&quot;youtube&quot;,&quot;controls&quot;:&quot;yes&quot;,&quot;aspect_ratio&quot;:&quot;169&quot;}\" data-widget_type=\"video.default\">\n\t\t\t\t<div class=\"elementor-widget-container\">\n\t\t\t\t\t<div class=\"elementor-wrapper elementor-fit-aspect-ratio elementor-open-inline\">\n\t\t\t<div class=\"elementor-video\"><\/div>\t\t<\/div>\n\t\t\t\t<\/div>\n\t\t\t\t<\/div>\n\t\t\t\t<div class=\"elementor-element elementor-element-d5d05dd elementor-aspect-ratio-169 elementor-widget elementor-widget-video\" data-id=\"d5d05dd\" data-element_type=\"widget\" data-settings=\"{&quot;youtube_url&quot;:&quot;https:\\\/\\\/www.youtube.com\\\/watch?v=PdFUHZlTr6A&quot;,&quot;video_type&quot;:&quot;youtube&quot;,&quot;controls&quot;:&quot;yes&quot;,&quot;aspect_ratio&quot;:&quot;169&quot;}\" data-widget_type=\"video.default\">\n\t\t\t\t<div class=\"elementor-widget-container\">\n\t\t\t\t\t<div class=\"elementor-wrapper elementor-fit-aspect-ratio elementor-open-inline\">\n\t\t\t<div class=\"elementor-video\"><\/div>\t\t<\/div>\n\t\t\t\t<\/div>\n\t\t\t\t<\/div>\n\t\t\t\t<div class=\"elementor-element elementor-element-f282232 elementor-widget elementor-widget-text-editor\" data-id=\"f282232\" data-element_type=\"widget\" data-widget_type=\"text-editor.default\">\n\t\t\t\t<div class=\"elementor-widget-container\">\n\t\t\t\t\t\t\t\t<div class=\"elementor-text-editor elementor-clearfix\">\n\t\t\t\t<h1>Presse<\/h1>\t\t\t\t\t<\/div>\n\t\t\t\t\t\t<\/div>\n\t\t\t\t<\/div>\n\t\t\t\t<div class=\"elementor-element elementor-element-0ff0531 elementor-widget elementor-widget-text-editor\" data-id=\"0ff0531\" data-element_type=\"widget\" data-widget_type=\"text-editor.default\">\n\t\t\t\t<div class=\"elementor-widget-container\">\n\t\t\t\t\t\t\t\t<div class=\"elementor-text-editor elementor-clearfix\">\n\t\t\t\t<h4><a href=\"http:\/\/rainer-arnold.de\/wp-content\/uploads\/2025\/10\/IMG_7707.jpg\"><span style=\"text-decoration: underline;\"><span style=\"color: #0000ff; text-decoration: underline;\">Offenbacher Zeitung 2025<\/span><\/span><\/a><\/h4><h4><a href=\"https:\/\/www.stuttgarter-zeitung.de\/inhalt.gemeinsam-arbeiterlieder-singen-genosse-arnold-besinnt-sich-auf-seine-wurzeln.4940c465-1869-4db5-8cef-cabcec2b436b.html\"><span style=\"text-decoration: underline; color: #0000ff;\">Stuttgarter Zeitung 2013<\/span><\/a><\/h4>\t\t\t\t\t<\/div>\n\t\t\t\t\t\t<\/div>\n\t\t\t\t<\/div>\n\t\t\t\t\t\t<\/div>\n\t\t\t\t\t<\/div>\n\t\t<\/div>\n\t\t\t\t\t\t\t\t<\/div>\n\t\t\t\t\t<\/div>\n\t\t<\/section>\n\t\t\t\t<section class=\"elementor-section elementor-top-section elementor-element elementor-element-6e2fd07 elementor-section-full_width elementor-section-height-default elementor-section-height-default\" data-id=\"6e2fd07\" data-element_type=\"section\">\n\t\t\t\t\t\t<div class=\"elementor-container elementor-column-gap-extended\">\n\t\t\t\t\t\t\t<div class=\"elementor-row\">\n\t\t\t\t\t<div class=\"elementor-column elementor-col-100 elementor-top-column elementor-element elementor-element-752c68e\" data-id=\"752c68e\" data-element_type=\"column\">\n\t\t\t<div class=\"elementor-column-wrap elementor-element-populated\">\n\t\t\t\t\t\t\t<div class=\"elementor-widget-wrap\">\n\t\t\t\t\t\t<div class=\"elementor-element elementor-element-c532604 elementor-widget elementor-widget-text-editor\" data-id=\"c532604\" data-element_type=\"widget\" data-widget_type=\"text-editor.default\">\n\t\t\t\t<div class=\"elementor-widget-container\">\n\t\t\t\t\t\t\t\t<div class=\"elementor-text-editor elementor-clearfix\">\n\t\t\t\t<h1>Aus folgenden Liedern wird je nach Veranstaltung eine Auswahl getroffen:<\/h1>\t\t\t\t\t<\/div>\n\t\t\t\t\t\t<\/div>\n\t\t\t\t<\/div>\n\t\t\t\t\t\t<\/div>\n\t\t\t\t\t<\/div>\n\t\t<\/div>\n\t\t\t\t\t\t\t\t<\/div>\n\t\t\t\t\t<\/div>\n\t\t<\/section>\n\t\t\t\t<section class=\"elementor-section elementor-top-section elementor-element elementor-element-3b6f9c2 elementor-section-full_width elementor-section-height-default elementor-section-height-default\" data-id=\"3b6f9c2\" data-element_type=\"section\">\n\t\t\t\t\t\t<div class=\"elementor-container elementor-column-gap-narrow\">\n\t\t\t\t\t\t\t<div class=\"elementor-row\">\n\t\t\t\t\t<div class=\"elementor-column elementor-col-25 elementor-top-column elementor-element elementor-element-2637cbb\" data-id=\"2637cbb\" data-element_type=\"column\">\n\t\t\t<div class=\"elementor-column-wrap elementor-element-populated\">\n\t\t\t\t\t\t\t<div class=\"elementor-widget-wrap\">\n\t\t\t\t\t\t<div class=\"elementor-element elementor-element-e7079f8 elementor-widget elementor-widget-image\" data-id=\"e7079f8\" data-element_type=\"widget\" data-widget_type=\"image.default\">\n\t\t\t\t<div class=\"elementor-widget-container\">\n\t\t\t\t\t\t\t\t<div class=\"elementor-image\">\n\t\t\t\t\t\t\t\t\t\t\t\t<img decoding=\"async\" width=\"720\" height=\"920\" src=\"https:\/\/rainer-arnold.de\/wp-content\/uploads\/2020\/04\/Liederbucha-801x1024.jpg\" class=\"attachment-large size-large wp-image-148\" alt=\"Rainer Arnold Arbeiterlieder\" loading=\"lazy\" srcset=\"https:\/\/rainer-arnold.de\/wp-content\/uploads\/2020\/04\/Liederbucha-801x1024.jpg 801w, https:\/\/rainer-arnold.de\/wp-content\/uploads\/2020\/04\/Liederbucha-235x300.jpg 235w, https:\/\/rainer-arnold.de\/wp-content\/uploads\/2020\/04\/Liederbucha-768x981.jpg 768w, https:\/\/rainer-arnold.de\/wp-content\/uploads\/2020\/04\/Liederbucha-1202x1536.jpg 1202w, https:\/\/rainer-arnold.de\/wp-content\/uploads\/2020\/04\/Liederbucha-e1587292310655.jpg 400w\" sizes=\"(max-width: 720px) 100vw, 720px\" \/>\t\t\t\t\t\t\t\t\t\t\t\t\t\t<\/div>\n\t\t\t\t\t\t<\/div>\n\t\t\t\t<\/div>\n\t\t\t\t\t\t<\/div>\n\t\t\t\t\t<\/div>\n\t\t<\/div>\n\t\t\t\t<div class=\"elementor-column elementor-col-25 elementor-top-column elementor-element elementor-element-fbd3d64\" data-id=\"fbd3d64\" data-element_type=\"column\">\n\t\t\t<div class=\"elementor-column-wrap elementor-element-populated\">\n\t\t\t\t\t\t\t<div class=\"elementor-widget-wrap\">\n\t\t\t\t\t\t<div class=\"elementor-element elementor-element-10766b6 elementor-widget elementor-widget-text-editor\" data-id=\"10766b6\" data-element_type=\"widget\" data-widget_type=\"text-editor.default\">\n\t\t\t\t<div class=\"elementor-widget-container\">\n\t\t\t\t\t\t\t\t<div class=\"elementor-text-editor elementor-clearfix\">\n\t\t\t\t<ul><li><em>Ich bin ein freier Bauernknecht<\/em><\/li><li><em>Die Gedanken sind frei\u00a0<\/em><\/li><li><em>Zu Stra\u00dfburg auf der Schanz\u00a0\u00a0\u00a0\u00a0\u00a0<\/em><\/li><li><em>Es es es und es\u00a0<\/em><\/li><li><em>Oh K\u00f6nig von Preu\u00dfen\u00a0<\/em><\/li><li><em>Fordre niemals mein Schicksal zu h\u00f6ren<\/em><\/li><li><em>Ist wieder M\u00e4rz geworden\u00a0\u00a0\u00a0\u00a0\u00a0\u00a0\u00a0\u00a0<\/em><\/li><li><em>Die freie Republik\u00a0\u00a0\u00a0\u00a0\u00a0\u00a0\u00a0\u00a0\u00a0<\/em><\/li><li><em>Deutschland was im M\u00e4rz errungen\u00a0\u00a0\u00a0\u00a0\u00a0\u00a0<\/em><\/li><li><em>Heckerlied\u00a0\u00a0\u00a0\u00a0\u00a0\u00a0\u00a0\u00a0<\/em><\/li><li><em>Das Lied von Robert Blum\u00a0\u00a0\u00a0\u00a0\u00a0\u00a0\u00a0\u00a0\u00a0<\/em><\/li><li><em>Die schlesischen Weber<\/em><\/li><li><em>Trotz alledem\u00a0\u00a0\u00a0<\/em><\/li><li><em>B\u00fcrgerlied \u00a0\u00a0\u00a0\u00a0\u00a0\u00a0\u00a0\u00a0<\/em><\/li><li><em>Bet und Arbeit\u00a0<\/em><\/li><\/ul>\t\t\t\t\t<\/div>\n\t\t\t\t\t\t<\/div>\n\t\t\t\t<\/div>\n\t\t\t\t<div class=\"elementor-element elementor-element-64cce41 elementor-widget elementor-widget-text-editor\" data-id=\"64cce41\" data-element_type=\"widget\" data-widget_type=\"text-editor.default\">\n\t\t\t\t<div class=\"elementor-widget-container\">\n\t\t\t\t\t\t\t\t<div class=\"elementor-text-editor elementor-clearfix\">\n\t\t\t\t\t\t\t\t\t<\/div>\n\t\t\t\t\t\t<\/div>\n\t\t\t\t<\/div>\n\t\t\t\t\t\t<\/div>\n\t\t\t\t\t<\/div>\n\t\t<\/div>\n\t\t\t\t<div class=\"elementor-column elementor-col-25 elementor-top-column elementor-element elementor-element-fd10ed4\" data-id=\"fd10ed4\" data-element_type=\"column\">\n\t\t\t<div class=\"elementor-column-wrap elementor-element-populated\">\n\t\t\t\t\t\t\t<div class=\"elementor-widget-wrap\">\n\t\t\t\t\t\t<div class=\"elementor-element elementor-element-4daa472 elementor-widget elementor-widget-text-editor\" data-id=\"4daa472\" data-element_type=\"widget\" data-widget_type=\"text-editor.default\">\n\t\t\t\t<div class=\"elementor-widget-container\">\n\t\t\t\t\t\t\t\t<div class=\"elementor-text-editor elementor-clearfix\">\n\t\t\t\t<ul><li><em>Im Krug zum gr\u00fcnen Kranze.\u00a0\u00a0\u00a0\u00a0\u00a0<\/em><\/li><li><em>Arbeiter Marseillaise<\/em><\/li><li><em>Br\u00fcder zur Sonne\u00a0\u00a0\u00a0\u00a0\u00a0\u00a0\u00a0\u00a0\u00a0\u00a0<\/em><\/li><li><em>Wann wir schreiten Seit an Seit<\/em><\/li><li><em><a href=\"https:\/\/soundcloud.com\/user-384855325\/die-internationale\">Die Internationale<\/a>\u00a0\u00a0\u00a0\u00a0\u00a0\u00a0\u00a0\u00a0<\/em><\/li><li><em>Ich bin Soldat\u00a0\u00a0\u00a0<\/em><\/li><li><em>Auf auf zum Kampf\u00a0\u00a0\u00a0\u00a0\u00a0\u00a0\u00a0<\/em><\/li><li><em>Das Lied vom Kn\u00fcppelchen\u00a0\u00a0<\/em><\/li><li><em>Der kleine Trompeter<\/em><\/li><li><em>Dem Morgenrot entgegen\u00a0\u00a0\u00a0\u00a0\u00a0\u00a0\u00a0\u00a0\u00a0<\/em><\/li><li><a href=\"https:\/\/www.youtube.com\/watch?v=PdFUHZlTr6A\"><em>Brot und Rosen<\/em><\/a><\/li><li><em>Bandiera rosso<\/em><\/li><li><a href=\"https:\/\/www.youtube.com\/watch?v=f5J9AmrpzkI\"><em>Bella ciao\u00a0<\/em><\/a><em>\u00a0 <br \/><\/em><\/li><li><em>Die Herren Generale (Mamia mita)\u00a0\u00a0\u00a0\u00a0\u00a0\u00a0\u00a0\u00a0<\/em><\/li><li><em>Die Th\u00e4lmann Kolonie\u00a0\u00a0<\/em><\/li><li><em>Die Arbeiter von Wien\u00a0<\/em><br \/><em>\u00a0\u00a0<\/em><\/li><\/ul>\t\t\t\t\t<\/div>\n\t\t\t\t\t\t<\/div>\n\t\t\t\t<\/div>\n\t\t\t\t\t\t<\/div>\n\t\t\t\t\t<\/div>\n\t\t<\/div>\n\t\t\t\t<div class=\"elementor-column elementor-col-25 elementor-top-column elementor-element elementor-element-6d17216\" data-id=\"6d17216\" data-element_type=\"column\">\n\t\t\t<div class=\"elementor-column-wrap elementor-element-populated\">\n\t\t\t\t\t\t\t<div class=\"elementor-widget-wrap\">\n\t\t\t\t\t\t<div class=\"elementor-element elementor-element-711179f elementor-widget elementor-widget-text-editor\" data-id=\"711179f\" data-element_type=\"widget\" data-widget_type=\"text-editor.default\">\n\t\t\t\t<div class=\"elementor-widget-container\">\n\t\t\t\t\t\t\t\t<div class=\"elementor-text-editor elementor-clearfix\">\n\t\t\t\t<ul><li><em>Die Einheitsfront\u00a0\u00a0\u00a0\u00a0\u00a0\u00a0\u00a0\u00a0\u00a0\u00a0\u00a0<\/em><\/li><li><em>Solidarit\u00e4tslied<\/em><\/li><li><em>Mein Vater wird gesucht\u00a0\u00a0\u00a0\u00a0\u00a0\u00a0\u00a0\u00a0\u00a0\u00a0\u00a0<\/em><\/li><li><em>Die Moorsoldaten\u00a0\u00a0\u00a0\u00a0\u00a0\u00a0\u00a0\u00a0<\/em><\/li><li><em>Mein Michel \u00a0\u00a0\u00a0\u00a0<\/em><\/li><li><em>Andre die das Land so sehr nicht liebten\u00a0\u00a0\u00a0\u00a0\u00a0\u00a0\u00a0\u00a0\u00a0\u00a0\u00a0\u00a0<\/em><\/li><li><em>Kinderhymne\u00a0\u00a0\u00a0<\/em><\/li><li><em>Universal Soldier\u00a0\u00a0\u00a0\u00a0\u00a0\u00a0\u00a0\u00a0\u00a0\u00a0\u00a0<\/em><\/li><li><em>Sacco und Vanzetti \u00a0\u00a0\u00a0\u00a0\u00a0\u00a0<\/em><\/li><li><em>We shall overcome\u00a0\u00a0\u00a0\u00a0\u00a0\u00a0\u00a0<\/em><\/li><li><em>Sag mir wo die Blumen sind\u00a0\u00a0\u00a0\u00a0\u00a0\u00a0<\/em><\/li><li><em>Das weiche Wasser bricht den Stein\u00a0\u00a0\u00a0\u00a0\u00a0\u00a0<\/em><\/li><li><em>El pueblo unido<\/em><\/li><li><em>Schon so lang\u00a0\u00a0\u00a0<\/em><\/li><li><em>Was keiner wagt<\/em><\/li><li><em>Es ist an derZeit \u00a0\u00a0\u00a0 <br \/><\/em><\/li><\/ul>\t\t\t\t\t<\/div>\n\t\t\t\t\t\t<\/div>\n\t\t\t\t<\/div>\n\t\t\t\t\t\t<\/div>\n\t\t\t\t\t<\/div>\n\t\t<\/div>\n\t\t\t\t\t\t\t\t<\/div>\n\t\t\t\t\t<\/div>\n\t\t<\/section>\n\t\t\t\t\t\t\t\t\t<\/div>\n\t\t\t<\/div>\n\t\t\t\t\t<\/div>\n\t\t","protected":false},"excerpt":{"rendered":"<p>Veranstaltungen mit Liedern von Freiheit, Gerechtigkeit und Frieden: Die Geschichte der Arbeiter- und Freiheitslieder\u00a0 &#8211; Vortrag von Rainer Arnold mit gemeinsamem singen. Lieder mit Lilli Egin und Rainer Arnold &#8211; musikalische Umrahmung bei Feiern und Jubil\u00e4en aller der Arbeitnehmerschaft verbundenen Organisationen. Arbeiterlieder und unplugged Musik mit acoustic TREE &#8211; Umrahmung von gr\u00f6\u00dferen Feiern und Festakten [&hellip;]<\/p>\n","protected":false},"author":1,"featured_media":0,"parent":2,"menu_order":0,"comment_status":"closed","ping_status":"closed","template":"elementor_header_footer","meta":[],"_links":{"self":[{"href":"https:\/\/rainer-arnold.de\/index.php\/wp-json\/wp\/v2\/pages\/134"}],"collection":[{"href":"https:\/\/rainer-arnold.de\/index.php\/wp-json\/wp\/v2\/pages"}],"about":[{"href":"https:\/\/rainer-arnold.de\/index.php\/wp-json\/wp\/v2\/types\/page"}],"author":[{"embeddable":true,"href":"https:\/\/rainer-arnold.de\/index.php\/wp-json\/wp\/v2\/users\/1"}],"replies":[{"embeddable":true,"href":"https:\/\/rainer-arnold.de\/index.php\/wp-json\/wp\/v2\/comments?post=134"}],"version-history":[{"count":77,"href":"https:\/\/rainer-arnold.de\/index.php\/wp-json\/wp\/v2\/pages\/134\/revisions"}],"predecessor-version":[{"id":815,"href":"https:\/\/rainer-arnold.de\/index.php\/wp-json\/wp\/v2\/pages\/134\/revisions\/815"}],"up":[{"embeddable":true,"href":"https:\/\/rainer-arnold.de\/index.php\/wp-json\/wp\/v2\/pages\/2"}],"wp:attachment":[{"href":"https:\/\/rainer-arnold.de\/index.php\/wp-json\/wp\/v2\/media?parent=134"}],"curies":[{"name":"wp","href":"https:\/\/api.w.org\/{rel}","templated":true}]}}