{"id":66,"date":"2020-04-18T20:55:26","date_gmt":"2020-04-18T18:55:26","guid":{"rendered":"http:\/\/rainer-arnold.de\/?page_id=66"},"modified":"2022-11-12T11:10:41","modified_gmt":"2022-11-12T10:10:41","slug":"persoenliches","status":"publish","type":"page","link":"https:\/\/rainer-arnold.de\/index.php\/persoenliches\/","title":{"rendered":"Pers\u00f6nliches"},"content":{"rendered":"\t\t<div data-elementor-type=\"wp-page\" data-elementor-id=\"66\" class=\"elementor elementor-66\">\n\t\t\t\t\t\t<div class=\"elementor-inner\">\n\t\t\t\t<div class=\"elementor-section-wrap\">\n\t\t\t\t\t\t\t\t\t<section class=\"elementor-section elementor-top-section elementor-element elementor-element-911bbf4 elementor-section-full_width elementor-section-height-default elementor-section-height-default\" data-id=\"911bbf4\" data-element_type=\"section\">\n\t\t\t\t\t\t<div class=\"elementor-container elementor-column-gap-default\">\n\t\t\t\t\t\t\t<div class=\"elementor-row\">\n\t\t\t\t\t<div class=\"elementor-column elementor-col-33 elementor-top-column elementor-element elementor-element-6d997df\" data-id=\"6d997df\" data-element_type=\"column\">\n\t\t\t<div class=\"elementor-column-wrap elementor-element-populated\">\n\t\t\t\t\t\t\t<div class=\"elementor-widget-wrap\">\n\t\t\t\t\t\t<div class=\"elementor-element elementor-element-3870002 elementor-widget elementor-widget-image\" data-id=\"3870002\" data-element_type=\"widget\" data-widget_type=\"image.default\">\n\t\t\t\t<div class=\"elementor-widget-container\">\n\t\t\t\t\t\t\t\t<div class=\"elementor-image\">\n\t\t\t\t\t\t\t\t\t\t\t\t<img decoding=\"async\" width=\"720\" height=\"890\" src=\"https:\/\/rainer-arnold.de\/wp-content\/uploads\/2020\/04\/Portrait-aktuell-828x1024.jpg\" class=\"attachment-large size-large wp-image-76\" alt=\"Rainer Arnold\" loading=\"lazy\" srcset=\"https:\/\/rainer-arnold.de\/wp-content\/uploads\/2020\/04\/Portrait-aktuell-828x1024.jpg 828w, https:\/\/rainer-arnold.de\/wp-content\/uploads\/2020\/04\/Portrait-aktuell-242x300.jpg 242w, https:\/\/rainer-arnold.de\/wp-content\/uploads\/2020\/04\/Portrait-aktuell-768x950.jpg 768w, https:\/\/rainer-arnold.de\/wp-content\/uploads\/2020\/04\/Portrait-aktuell-1241x1536.jpg 1241w, https:\/\/rainer-arnold.de\/wp-content\/uploads\/2020\/04\/Portrait-aktuell-1655x2048.jpg 1655w, https:\/\/rainer-arnold.de\/wp-content\/uploads\/2020\/04\/Portrait-aktuell-scaled-e1587237023421.jpg 800w\" sizes=\"(max-width: 720px) 100vw, 720px\" \/>\t\t\t\t\t\t\t\t\t\t\t\t\t\t<\/div>\n\t\t\t\t\t\t<\/div>\n\t\t\t\t<\/div>\n\t\t\t\t<div class=\"elementor-element elementor-element-3925bdc elementor-widget elementor-widget-text-editor\" data-id=\"3925bdc\" data-element_type=\"widget\" data-widget_type=\"text-editor.default\">\n\t\t\t\t<div class=\"elementor-widget-container\">\n\t\t\t\t\t\t\t\t<div class=\"elementor-text-editor elementor-clearfix\">\n\t\t\t\t<h2>Mitgliedschaften<\/h2><div>\u00a0<\/div><p><a href=\"https:\/\/www.spd.de\/home\/\">Mitglied der SPD seit 1972<\/a><\/p><p><a href=\"https:\/\/www.spd60plus-bw.de\/\">SPD Arbeitsgemeinschaft 60plus, Landesvorsitzender<\/a><\/p><p><a href=\"https:\/\/www.spd-wolfschlugen.de\/\">Vorsitzender des SPD-Ortsvereins Wolfschlugen<\/a><\/p><p><a href=\"http:\/\/werner-weinmann-stiftung.de\/\">Mitglied im Stiftungsrat der Werner Weinmann-Stiftung<\/a><\/p><p><a href=\"http:\/\/www.esslingen.awo-bw.de\/index.php\">Arbeiterwohlfahrt, Kreisverband Esslingen, <br \/>Stv. Kreisvorsitzender<\/a><\/p><p><a href=\"https:\/\/lsr-bw.de\/seniorenraete\/esslingen\/\">Kreisseniorenrat, Stv. Vorsitzender<\/a><\/p><p><a href=\"https:\/\/lsr-bw.de\/\"><span style=\"color: #3366ff;\">Mitglied im Landesseniorenrat als Vertreter der SPD-AG 60plus<\/span><\/a><\/p><p><a href=\"http:\/\/www.gegen-vergessen.de\/\">Gegen Vergessen &#8211; f\u00fcr Demokratie e.V.<\/a><\/p><p><a href=\"http:\/\/www.eubw.eu\/\">Europa-Union Deutschland, Landesverband Baden-W\u00fcrttemberg e.V.<\/a><\/p><p><a href=\"http:\/\/www.hdgbw.de\/das-museum\/freunde-und-foerderer\/stauffenberg-gesellschaft\/?L=0\">Stauffenberg Gesellschaft <\/a><a href=\"http:\/\/www.hdgbw.de\/das-museum\/freunde-und-foerderer\/stauffenberg-gesellschaft\/?L=0\">Baden-W\u00fcrttemberg e.V.<\/a><\/p><p><a href=\"http:\/\/www.mv-wolfschlugen.de\/\">Musikverein Wolfschlugen e.V. <\/a><\/p><p><a href=\"http:\/\/www.tsv-harthausen.de\/\">TSV Harthausen 1899 e.V.<\/a><\/p><p><a href=\"http:\/\/www.schutzgemeinschaft-filder.de\/\">Schutzgemeinschaft Filder e.V.<\/a><\/p><p><a href=\"https:\/\/www.sav-wolfschlugen.de\/\" target=\"_blank\" rel=\"noopener\">Schw\u00e4bischer Albverein<\/a><\/p><p><a href=\"https:\/\/www.diakonie-nuertingen.de\/\">F\u00f6rderverein Wolfschlugen &#8211; Diakoniestation N\u00fcrtingen<\/a><\/p>\t\t\t\t\t<\/div>\n\t\t\t\t\t\t<\/div>\n\t\t\t\t<\/div>\n\t\t\t\t<div class=\"elementor-element elementor-element-cfce537 elementor-widget elementor-widget-text-editor\" data-id=\"cfce537\" data-element_type=\"widget\" data-widget_type=\"text-editor.default\">\n\t\t\t\t<div class=\"elementor-widget-container\">\n\t\t\t\t\t\t\t\t<div class=\"elementor-text-editor elementor-clearfix\">\n\t\t\t\t\t\t\t\t\t<\/div>\n\t\t\t\t\t\t<\/div>\n\t\t\t\t<\/div>\n\t\t\t\t<div class=\"elementor-element elementor-element-9d0dcaa elementor-widget elementor-widget-text-editor\" data-id=\"9d0dcaa\" data-element_type=\"widget\" data-widget_type=\"text-editor.default\">\n\t\t\t\t<div class=\"elementor-widget-container\">\n\t\t\t\t\t\t\t\t<div class=\"elementor-text-editor elementor-clearfix\">\n\t\t\t\t\t\t\t\t\t<\/div>\n\t\t\t\t\t\t<\/div>\n\t\t\t\t<\/div>\n\t\t\t\t\t\t<\/div>\n\t\t\t\t\t<\/div>\n\t\t<\/div>\n\t\t\t\t<div class=\"elementor-column elementor-col-33 elementor-top-column elementor-element elementor-element-7c3a987\" data-id=\"7c3a987\" data-element_type=\"column\">\n\t\t\t<div class=\"elementor-column-wrap elementor-element-populated\">\n\t\t\t\t\t\t\t<div class=\"elementor-widget-wrap\">\n\t\t\t\t\t\t<div class=\"elementor-element elementor-element-7d3ad05 elementor-widget elementor-widget-text-editor\" data-id=\"7d3ad05\" data-element_type=\"widget\" data-widget_type=\"text-editor.default\">\n\t\t\t\t<div class=\"elementor-widget-container\">\n\t\t\t\t\t\t\t\t<div class=\"elementor-text-editor elementor-clearfix\">\n\t\t\t\t<table width=\"389\"><tbody><tr><td colspan=\"2\"><h2>Daten zur Person<\/h2><\/td><\/tr><tr><td><p>21.06.1950<\/p><\/td><td><p>Geboren in Stuttgart,<br \/>Verheiratet mit Margit Arnold, ein Sohn<\/p><\/td><\/tr><tr><td><p>1967<\/p><\/td><td><p>Mittlere Reife an der Realschule Bernhausen<\/p><\/td><\/tr><tr><td><p>1971<\/p><\/td><td><p>Fachhochschulreife an der Fachhochschule Esslingen<\/p><\/td><\/tr><tr><td colspan=\"2\"><p><strong>Ausbildung \/ Studium<\/strong><\/p><\/td><\/tr><tr><td><p>1967-1970<\/p><\/td><td><p>Lehre als Fernmeldemonteur<\/p><\/td><\/tr><tr><td><p>1973<\/p><\/td><td><p>Eignungspr\u00fcfung f\u00fcr das Studium an der <br \/>PH Esslingen ohne Reifezeugnis<\/p><\/td><\/tr><tr><td><p>1974-1978<\/p><\/td><td><p>Studium an der P\u00e4d. Hochschule Esslingen<\/p><\/td><\/tr><tr><td><p>1983<\/p><\/td><td><p>Kontaktstudium Erwachsenenbildung, <br \/>P\u00e4d. Hochschule Ludwigsburg<\/p><\/td><\/tr><tr><td colspan=\"2\"><p><strong>Beruflicher Werdegang<\/strong><\/p><\/td><\/tr><tr><td><p>1970-1973<\/p><\/td><td><p>Fernmelderevisor<\/p><\/td><\/tr><tr><td><p>1980-1998<\/p><\/td><td><p>EDV-Fachbereichsleiter und Leiter der Organisationsabteilung der Volkshochschule Stuttgart<\/p><\/td><\/tr><tr><td><p>1967-1990<\/p><\/td><td><p>Nebenberuflicher Musiker<\/p><\/td><\/tr><tr><td><p>seit 1998<\/p><\/td><td><p>Mitglied des Deutschen Bundestages<\/p><\/td><\/tr><tr><td colspan=\"2\"><p><strong>Politischer Werdegang<\/strong><\/p><\/td><\/tr><tr><td><p>1972<\/p><\/td><td><p>Eintritt in die SPD<\/p><\/td><\/tr><tr><td><p>1974-1981<\/p><\/td><td><p>Vorsitzender des SPD-Ortsvereins Filderstadt<\/p><\/td><\/tr><tr><td><p>1981-1995<\/p><\/td><td><p>Vorsitzender des SPD-Kreisverbandes Esslingen<\/p><\/td><\/tr><tr><td><p>1995-1997<\/p><\/td><td><p>Mitglied im SPD-Landesvorstand Baden-W\u00fcrttemberg<\/p><\/td><\/tr><tr><td><p>1980-1992<\/p><\/td><td><p>Stadtrat in Filderstadt<\/p><\/td><\/tr><tr><td><p>1989-1994<\/p><\/td><td><p>Kreisrat im Kreis Esslingen<\/p><\/td><\/tr><tr><td><p>1994-1998<\/p><\/td><td><p>Mitglied der Regionalversammlung <br \/>Verband Region Stuttgart<\/p><\/td><\/tr><tr><td><p>1998-2017<\/p><\/td><td><p><a href=\"http:\/\/www.bundestag.de\">Mitglied des Deutschen Bundestages <\/a><\/p><\/td><\/tr><tr><td><p>2002-2017<\/p><\/td><td><p>Verteidigungspolitischer Sprecher der <br \/><a href=\"http:\/\/www.spdfraktion.de\/\">SPD-Bundestagsfraktion<\/a><\/p><\/td><\/tr><tr><td><p>2004-2017<\/p><\/td><td><p>Mitglied im SPD-Fraktionsvorstand<\/p><\/td><\/tr><\/tbody><\/table>\t\t\t\t\t<\/div>\n\t\t\t\t\t\t<\/div>\n\t\t\t\t<\/div>\n\t\t\t\t\t\t<\/div>\n\t\t\t\t\t<\/div>\n\t\t<\/div>\n\t\t\t\t<div class=\"elementor-column elementor-col-33 elementor-top-column elementor-element elementor-element-08f64ca\" data-id=\"08f64ca\" data-element_type=\"column\">\n\t\t\t<div class=\"elementor-column-wrap elementor-element-populated\">\n\t\t\t\t\t\t\t<div class=\"elementor-widget-wrap\">\n\t\t\t\t\t\t<section class=\"elementor-section elementor-inner-section elementor-element elementor-element-4675518 elementor-section-full_width elementor-section-height-default elementor-section-height-default\" data-id=\"4675518\" data-element_type=\"section\" data-settings=\"{&quot;background_background&quot;:&quot;classic&quot;}\">\n\t\t\t\t\t\t<div class=\"elementor-container elementor-column-gap-default\">\n\t\t\t\t\t\t\t<div class=\"elementor-row\">\n\t\t\t\t\t<div class=\"elementor-column elementor-col-100 elementor-inner-column elementor-element elementor-element-a1dd118\" data-id=\"a1dd118\" data-element_type=\"column\">\n\t\t\t<div class=\"elementor-column-wrap elementor-element-populated\">\n\t\t\t\t\t\t\t<div class=\"elementor-widget-wrap\">\n\t\t\t\t\t\t<div class=\"elementor-element elementor-element-9453834 elementor-widget elementor-widget-text-editor\" data-id=\"9453834\" data-element_type=\"widget\" data-widget_type=\"text-editor.default\">\n\t\t\t\t<div class=\"elementor-widget-container\">\n\t\t\t\t\t\t\t\t<div class=\"elementor-text-editor elementor-clearfix\">\n\t\t\t\t<h3 style=\"text-align: center;\">&#8230;.der Rastlose ist er geblieben. <a href=\"https:\/\/scontent-muc2-1.xx.fbcdn.net\/v\/t1.0-9\/69018522_10217049381085455_5537149203249102848_n.jpg?_nc_cat=100&amp;_nc_sid=110474&amp;_nc_ohc=SbtVTmKAV7IAX8kQQNt&amp;_nc_ht=scontent-muc2-1.xx&amp;oh=ff35146a0ca4a6fc489dbee7afd2d334&amp;oe=5EC1B325\"><br \/>Artikel Esslinger Zeitung, August 2019<\/a><\/h3>\t\t\t\t\t<\/div>\n\t\t\t\t\t\t<\/div>\n\t\t\t\t<\/div>\n\t\t\t\t\t\t<\/div>\n\t\t\t\t\t<\/div>\n\t\t<\/div>\n\t\t\t\t\t\t\t\t<\/div>\n\t\t\t\t\t<\/div>\n\t\t<\/section>\n\t\t\t\t<div class=\"elementor-element elementor-element-7b26683 elementor-widget elementor-widget-text-editor\" data-id=\"7b26683\" data-element_type=\"widget\" data-widget_type=\"text-editor.default\">\n\t\t\t\t<div class=\"elementor-widget-container\">\n\t\t\t\t\t\t\t\t<div class=\"elementor-text-editor elementor-clearfix\">\n\t\t\t\t\t\t\t\t\t<\/div>\n\t\t\t\t\t\t<\/div>\n\t\t\t\t<\/div>\n\t\t\t\t<div class=\"elementor-element elementor-element-db91022 elementor-widget elementor-widget-text-editor\" data-id=\"db91022\" data-element_type=\"widget\" data-widget_type=\"text-editor.default\">\n\t\t\t\t<div class=\"elementor-widget-container\">\n\t\t\t\t\t\t\t\t<div class=\"elementor-text-editor elementor-clearfix\">\n\t\t\t\t<p>\u00a0<\/p><p>\u00a0<\/p>\t\t\t\t\t<\/div>\n\t\t\t\t\t\t<\/div>\n\t\t\t\t<\/div>\n\t\t\t\t\t\t<\/div>\n\t\t\t\t\t<\/div>\n\t\t<\/div>\n\t\t\t\t\t\t\t\t<\/div>\n\t\t\t\t\t<\/div>\n\t\t<\/section>\n\t\t\t\t\t\t\t\t\t<\/div>\n\t\t\t<\/div>\n\t\t\t\t\t<\/div>\n\t\t","protected":false},"excerpt":{"rendered":"<p>Mitgliedschaften \u00a0 Mitglied der SPD seit 1972 SPD Arbeitsgemeinschaft 60plus, Landesvorsitzender Vorsitzender des SPD-Ortsvereins Wolfschlugen Mitglied im Stiftungsrat der Werner Weinmann-Stiftung Arbeiterwohlfahrt, Kreisverband Esslingen, Stv. Kreisvorsitzender Kreisseniorenrat, Stv. Vorsitzender Mitglied im Landesseniorenrat als Vertreter der SPD-AG 60plus Gegen Vergessen &#8211; f\u00fcr Demokratie e.V. Europa-Union Deutschland, Landesverband Baden-W\u00fcrttemberg e.V. Stauffenberg Gesellschaft Baden-W\u00fcrttemberg e.V. Musikverein Wolfschlugen e.V. [&hellip;]<\/p>\n","protected":false},"author":1,"featured_media":0,"parent":0,"menu_order":0,"comment_status":"closed","ping_status":"closed","template":"elementor_header_footer","meta":[],"_links":{"self":[{"href":"https:\/\/rainer-arnold.de\/index.php\/wp-json\/wp\/v2\/pages\/66"}],"collection":[{"href":"https:\/\/rainer-arnold.de\/index.php\/wp-json\/wp\/v2\/pages"}],"about":[{"href":"https:\/\/rainer-arnold.de\/index.php\/wp-json\/wp\/v2\/types\/page"}],"author":[{"embeddable":true,"href":"https:\/\/rainer-arnold.de\/index.php\/wp-json\/wp\/v2\/users\/1"}],"replies":[{"embeddable":true,"href":"https:\/\/rainer-arnold.de\/index.php\/wp-json\/wp\/v2\/comments?post=66"}],"version-history":[{"count":42,"href":"https:\/\/rainer-arnold.de\/index.php\/wp-json\/wp\/v2\/pages\/66\/revisions"}],"predecessor-version":[{"id":798,"href":"https:\/\/rainer-arnold.de\/index.php\/wp-json\/wp\/v2\/pages\/66\/revisions\/798"}],"wp:attachment":[{"href":"https:\/\/rainer-arnold.de\/index.php\/wp-json\/wp\/v2\/media?parent=66"}],"curies":[{"name":"wp","href":"https:\/\/api.w.org\/{rel}","templated":true}]}}